{"id":3535,"date":"2025-06-11T12:48:32","date_gmt":"2025-06-11T10:48:32","guid":{"rendered":"https:\/\/www.pointbreakschool.com\/?page_id=3535"},"modified":"2026-01-21T12:48:25","modified_gmt":"2026-01-21T11:48:25","slug":"location-kite-surf","status":"publish","type":"page","link":"https:\/\/www.pointbreakschool.com\/fr\/location\/location-kite-surf\/","title":{"rendered":"Location Kitesurf"},"content":{"rendered":"<div class=\"wpb-content-wrapper\"><p>[vc_row full_width=\u00a0\u00bbstretch_row\u00a0\u00bb el_class=\u00a0\u00bbintro-camp\u00a0\u00bb css=\u00a0\u00bb.vc_custom_1652795839724{margin-bottom: 10px !important;border-bottom-width: 1px !important;padding-top: 0px !important;}\u00a0\u00bb][vc_column][vc_column_text css=\u00a0\u00bb\u00a0\u00bb]<\/p>\n<h1 style=\"text-align: center; font-size: 35px; line-height: 45px;\"><strong>LOCATION DE KITESURF<\/strong><\/h1>\n<h1 class=\"verde\" style=\"text-align: center; color: #2abac6; font-size: 30px; letter-spacing: 0.5px;\">\u00e0 FUERTEVENTURA<\/h1>\n<p>[\/vc_column_text][\/vc_column][\/vc_row][vc_row full_width=\u00a0\u00bbstretch_row_content\u00a0\u00bb][vc_column width=\u00a0\u00bb1\/2&Prime;][vc_empty_space height=\u00a0\u00bb15px\u00a0\u00bb el_class=\u00a0\u00bbsolo-desktop\u00a0\u00bb][vc_column_text css=\u00a0\u00bb\u00a0\u00bb]<\/p>\n<h3 class=\"domanda\" style=\"text-align: center;\"><strong>Vous avez besoin d&rsquo;un service de location de kitesurf \u00e0 Fuerteventura ? <\/strong><strong>Venez chez Point Break<\/strong><\/h3>\n<p style=\"text-align: center;\">Voyagez l\u00e9ger, ne pensez qu&rsquo;au vent &#8211; \u00e9vitez le stress, les co\u00fbts suppl\u00e9mentaires pour les bagages de sport et le risque d&rsquo;endommager votre mat\u00e9riel pendant le voyage. Avec <strong>Point Break<\/strong>\u00a0vous pouvez compter sur un service de location de mat\u00e9riel de kitesurf complet, professionnel et flexible, en plein centre de Corralejo, \u00e0 deux pas des spots les plus vent\u00e9s de Fuerteventura.<\/p>\n<p style=\"text-align: center;\">Notre service de location de kitesurf vous offre tout ce dont vous avez besoin pour vous mettre \u00e0 l&rsquo;eau avec le bon \u00e9quipement, quelles que soient les conditions de vent et votre style.<\/p>\n<p>[\/vc_column_text][\/vc_column][vc_column width=\u00a0\u00bb1\/2&Prime;][vc_column_text css=\u00a0\u00bb\u00a0\u00bb]<img decoding=\"async\" class=\"alignnone size-full wp-image-7562\" src=\"https:\/\/www.pointbreakschool.com\/wp-content\/uploads\/kitesurf_2-scaled.jpg\" alt=\"location de mat\u00e9riel de kitesurf fuerteventura\" \/>[\/vc_column_text][\/vc_column][\/vc_row][vc_row full_width=\u00a0\u00bbstretch_row_content\u00a0\u00bb][vc_column width=\u00a0\u00bb1\/2&Prime;][vc_column_text css=\u00a0\u00bb\u00a0\u00bb]<img decoding=\"async\" class=\"alignnone size-full wp-image-7562\" src=\"https:\/\/www.pointbreakschool.com\/wp-content\/uploads\/kitesurf_1-scaled.jpg\" alt=\"location de mat\u00e9riel de kitesurf fuerteventura\" \/>[\/vc_column_text][\/vc_column][vc_column width=\u00a0\u00bb1\/2&Prime;][vc_empty_space height=\u00a0\u00bb30px\u00a0\u00bb el_class=\u00a0\u00bbsolo-desktop\u00a0\u00bb][vc_column_text css=\u00a0\u00bb\u00a0\u00bb]<\/p>\n<p style=\"text-align: left;\" data-start=\"429\" data-end=\"585\">Nous avons \u00e0 votre disposition :<\/p>\n<ul>\n<li style=\"text-align: left;\" data-start=\"429\" data-end=\"585\"><span style=\"color: #6abac2;\"><strong data-start=\"429\" data-end=\"459\">Kites de toutes tailles<\/strong><\/span>, du plus petit pour le vent fort au plus grand pour le vent l\u00e9ger. Nous avons des ailes sp\u00e9cifiques <strong> pour chaque discipline<\/strong>: <strong data-start=\"588\" data-end=\"600\">Freeride <\/strong>polyvalent et facile \u00e0 manier,<strong data-start=\"636\" data-end=\"649\">\u00a0Freestyle<\/strong> plus r\u00e9actif et puissant et <strong data-start=\"678\" data-end=\"686\">Wave<\/strong>\u00a0stable et l\u00e9ger, parfait pour le surf de vagues.<\/li>\n<\/ul>\n<ul>\n<li><span style=\"color: #6abac2;\"><strong data-start=\"747\" data-end=\"760\">Twin tip et planches de surf<\/strong><\/span> (disponibles en version strapless ou avec footstrap)<\/li>\n<li><span style=\"color: #6abac2;\"><strong data-start=\"833\" data-end=\"867\">Barres, harnais, combinaisons, leash<\/strong><\/span> et tous les accessoires n\u00e9cessaires.<\/li>\n<\/ul>\n<p style=\"text-align: left;\" data-start=\"901\" data-end=\"1010\">Tout le mat\u00e9riel est de marque <strong data-start=\"922\" data-end=\"935\">Slingshot<\/strong> und <strong data-start=\"938\" data-end=\"946\">Naish<\/strong>r\u00e9guli\u00e8rement renouvel\u00e9 pour garantir performance et s\u00e9curit\u00e9.<\/p>\n<p>[\/vc_column_text][\/vc_column][\/vc_row][vc_row full_width=\u00a0\u00bbstretch_row_content\u00a0\u00bb][vc_column][vc_column_text css=\u00a0\u00bb\u00a0\u00bb]<\/p>\n<h2 class=\"nome-corso\" style=\"text-align: center;\"><span style=\"color: #2abac6;\">Conditions de location de mat\u00e9riel de kitesurf \u00e0 Fuerteventura<\/span><\/h2>\n<p>[\/vc_column_text][vc_column_text css=\u00a0\u00bb\u00a0\u00bb]<\/p>\n<p style=\"text-align: center;\">Le service de location de mat\u00e9riel de kitesurf est r\u00e9serv\u00e9 exclusivement aux <strong data-start=\"273\" data-end=\"289\">kitesurfeurs autonomes<\/strong>.<\/p>\n<p style=\"text-align: center;\">Pour y acc\u00e9der, vous devez avoir au <strong data-start=\"340\" data-end=\"368\"> minimum le niveau 3K IKO<\/strong> c\u2019est-\u00e0-dire \u00eatre capable de :<\/p>\n<p>[\/vc_column_text][vc_column_text css=\u00a0\u00bb\u00a0\u00bb]<\/p>\n<p style=\"text-align: center;\" data-start=\"386\" data-end=\"421\"><strong data-start=\"386\" data-end=\"408\">&#8211; Remonter au vent en autonomie<\/strong><\/p>\n<p style=\"text-align: center;\" data-start=\"424\" data-end=\"457\"><strong data-start=\"424\" data-end=\"457\">&#8211; Red\u00e9coller le kite depuis l\u2019eau<\/strong><\/p>\n<p style=\"text-align: center;\" data-start=\"460\" data-end=\"511\"><strong data-start=\"460\" data-end=\"511\">&#8211; Revenir \u00e0 votre point de d\u00e9part sans assistance<\/strong><\/p>\n<p>[\/vc_column_text][vc_column_text css=\u00a0\u00bb\u00a0\u00bb]<\/p>\n<p style=\"text-align: center;\"><em>Si vous n\u2019\u00eates pas encore autonome, d\u00e9couvrez nos <a href=\"https:\/\/www.pointbreakschool.com\/fr\/kite-surf-cours\/#corso-principianti\">cours de kitesurf<\/a>.<\/em><\/p>\n<p>[\/vc_column_text][\/vc_column][\/vc_row][vc_row full_width=\u00a0\u00bbstretch_row_content\u00a0\u00bb][vc_column][vc_column_text css=\u00a0\u00bb\u00a0\u00bb]<\/p>\n<h2 class=\"nome-corso\" style=\"text-align: center;\"><span style=\"color: #2abac6;\">Adaptez votre mat\u00e9riel de kitesurf au vent<\/span><\/h2>\n<p>[\/vc_column_text][vc_column_text css=\u00a0\u00bb\u00a0\u00bb]<\/p>\n<h3 style=\"text-align: center;\">Avec notre service de location, vous pouvez changer la taille du kite et le type de planche en fonction des conditions du jour, sans frais suppl\u00e9mentaires.<\/h3>\n<p>[\/vc_column_text][vc_column_text css=\u00a0\u00bb\u00a0\u00bb]<\/p>\n<div style=\"text-align: center;\">\n<div class=\"vc_btn3-container bottoneuvp alloggio wpb_animate_when_almost_visible wpb_bottom-to-top bottom-to-top vc_btn3-left wpb_start_animation animated\"><a class=\"vc_general vc_btn3 vc_btn3-size-md vc_btn3-shape-rounded vc_btn3-style-outline vc_btn3-color-grey\" title=\"\" href=\"https:\/\/www.pointbreakschool.com\/fr\/contact\/\">Contactez-Nous<\/a><\/div>\n<div class=\"vc_btn3-container bottoneuvp contattaci wpb_animate_when_almost_visible wpb_bottom-to-top bottom-to-top vc_btn3-left wpb_start_animation animated\"><a class=\"vc_general vc_btn3 vc_btn3-size-md vc_btn3-shape-rounded vc_btn3-style-outline vc_btn3-color-grey\" title=\"\" href=\"https:\/\/wa.me\/34666983757\">Whatsapp<\/a><\/div>\n<\/div>\n<p>[\/vc_column_text][\/vc_column][\/vc_row][vc_row full_width=\u00a0\u00bbstretch_row\u00a0\u00bb css=\u00a0\u00bb.vc_custom_1746898592384{margin-top: 0px !important;margin-bottom: 70px !important;border-bottom-width: 0px !important;padding-top: 30px !important;}\u00a0\u00bb][vc_column][vc_column_text css=\u00a0\u00bb\u00a0\u00bb]<\/p>\n<h2 class=\"nome-corso\" style=\"text-align: center;\"><span style=\"color: #2abac6;\">Tarifs location kitesurf \u00e0 FUERTEVENTURA<\/span><\/h2>\n<p>[\/vc_column_text][vc_column_text]<\/p>\n<table class=\"tabella-corso\">\n<tbody>\n<tr>\n<th style=\"text-align: center;\">JOURS DE<br \/>\nLOCATION<\/th>\n<th style=\"text-align: center;\">1<\/th>\n<th style=\"text-align: center;\">2<\/th>\n<th style=\"text-align: center;\">3<\/th>\n<th style=\"text-align: center;\">4<\/th>\n<th style=\"text-align: center;\">5<\/th>\n<th style=\"text-align: center;\">JOUR<br \/>\nEXTRA<\/th>\n<\/tr>\n<tr>\n<td>\u00c9quipement<br \/>\ncomplet<br \/>\n(Kite + Bar + Leash + Board + Pump)<\/td>\n<td style=\"text-align: center;\">50 \u20ac<\/td>\n<td style=\"text-align: center;\">95 \u20ac<\/td>\n<td style=\"text-align: center;\">140 \u20ac<\/td>\n<td style=\"text-align: center;\">180 \u20ac<\/td>\n<td style=\"text-align: center;\">210 \u20ac<\/td>\n<td style=\"text-align: center;\">35 \u20ac<\/td>\n<\/tr>\n<tr>\n<td>Kite + Bar + Leash<\/td>\n<td style=\"text-align: center;\">25 \u20ac<\/td>\n<td style=\"text-align: center;\">50 \u20ac<\/td>\n<td style=\"text-align: center;\">75 \u20ac<\/td>\n<td style=\"text-align: center;\">95 \u20ac<\/td>\n<td style=\"text-align: center;\">105 \u20ac<\/td>\n<td style=\"text-align: center;\">20 \u20ac<\/td>\n<\/tr>\n<tr>\n<td>Kiteboard<\/td>\n<td style=\"text-align: center;\">25 \u20ac<\/td>\n<td style=\"text-align: center;\">50 \u20ac<\/td>\n<td style=\"text-align: center;\">75 \u20ac<\/td>\n<td style=\"text-align: center;\">95 \u20ac<\/td>\n<td style=\"text-align: center;\">105 \u20ac<\/td>\n<td style=\"text-align: center;\">20 \u20ac<\/td>\n<\/tr>\n<tr>\n<td>Harnes<\/td>\n<td style=\"text-align: center;\">10 \u20ac<\/td>\n<td style=\"text-align: center;\">20 \u20ac<\/td>\n<td style=\"text-align: center;\">30 \u20ac<\/td>\n<td style=\"text-align: center;\">36 \u20ac<\/td>\n<td style=\"text-align: center;\">42 \u20ac<\/td>\n<td style=\"text-align: center;\">6 \u20ac<\/td>\n<\/tr>\n<tr>\n<td>Kite Leash<\/td>\n<td style=\"text-align: center;\">3 \u20ac<\/td>\n<td style=\"text-align: center;\">6 \u20ac<\/td>\n<td style=\"text-align: center;\">9 \u20ac<\/td>\n<td style=\"text-align: center;\">10 \u20ac<\/td>\n<td style=\"text-align: center;\">11 \u20ac<\/td>\n<td style=\"text-align: center;\">1 \u20ac<\/td>\n<\/tr>\n<tr>\n<td>Casque<\/td>\n<td style=\"text-align: center;\">3 \u20ac<\/td>\n<td style=\"text-align: center;\">6 \u20ac<\/td>\n<td style=\"text-align: center;\">9 \u20ac<\/td>\n<td style=\"text-align: center;\">10 \u20ac<\/td>\n<td style=\"text-align: center;\">11 \u20ac<\/td>\n<td style=\"text-align: center;\">1 \u20ac<\/td>\n<\/tr>\n<tr>\n<td>Impact Vest<\/td>\n<td style=\"text-align: center;\">3 \u20ac<\/td>\n<td style=\"text-align: center;\">6 \u20ac<\/td>\n<td style=\"text-align: center;\">9 \u20ac<\/td>\n<td style=\"text-align: center;\">10 \u20ac<\/td>\n<td style=\"text-align: center;\">11 \u20ac<\/td>\n<td style=\"text-align: center;\">1 \u20ac<\/td>\n<\/tr>\n<tr>\n<td>Combinaison<\/td>\n<td style=\"text-align: center;\">5 \u20ac<\/td>\n<td style=\"text-align: center;\">10 \u20ac<\/td>\n<td style=\"text-align: center;\">15 \u20ac<\/td>\n<td style=\"text-align: center;\">18 \u20ac<\/td>\n<td style=\"text-align: center;\">21 \u20ac<\/td>\n<td style=\"text-align: center;\">3 \u20ac<\/td>\n<\/tr>\n<\/tbody>\n<\/table>\n<p>[\/vc_column_text][vc_empty_space height=\u00a0\u00bb40px\u00a0\u00bb][vc_column_text css=\u00a0\u00bb\u00a0\u00bb]<\/p>\n<div style=\"text-align: center;\">\n<div class=\"vc_btn3-container bottoneuvp alloggio wpb_animate_when_almost_visible wpb_bottom-to-top bottom-to-top vc_btn3-left wpb_start_animation animated\"><a class=\"vc_general vc_btn3 vc_btn3-size-md vc_btn3-shape-rounded vc_btn3-style-outline vc_btn3-color-grey\" title=\"\" href=\"https:\/\/www.pointbreakschool.com\/fr\/contact\/\">Contactez-Nous<\/a><\/div>\n<div class=\"vc_btn3-container bottoneuvp contattaci wpb_animate_when_almost_visible wpb_bottom-to-top bottom-to-top vc_btn3-left wpb_start_animation animated\"><a class=\"vc_general vc_btn3 vc_btn3-size-md vc_btn3-shape-rounded vc_btn3-style-outline vc_btn3-color-grey\" title=\"\" href=\"https:\/\/wa.me\/34666983757\">Whatsapp<\/a><\/div>\n<\/div>\n<p>[\/vc_column_text][\/vc_column][\/vc_row][vc_row full_width=\u00a0\u00bbstretch_row\u00a0\u00bb el_class=\u00a0\u00bbcorsi-list-intro box-trip-advisor\u00a0\u00bb css=\u00a0\u00bb.vc_custom_1570186052696{margin-bottom: 10px !important;border-bottom-width: 1px !important;padding-top: 0px !important;}\u00a0\u00bb][vc_column][vc_column_text css=\u00a0\u00bb\u00a0\u00bb]<\/p>\n<h2 class=\"nome-corso\" style=\"text-align: center;\">Les marques de r\u00e9f\u00e9rence pour vos sessions de surf<\/h2>\n<p>[\/vc_column_text][vc_column_text css=\u00a0\u00bb\u00a0\u00bb]<\/p>\n<div style=\"text-align: center;\"><img loading=\"lazy\" decoding=\"async\" class=\"alignnone\" src=\"http:\/\/www.pointbreakschool.com\/wp-content\/uploads\/2019\/08\/logo_partner_kite_01.png\" alt=\"Slingshot Fuerteventura\" width=\"217\" height=\"109\" \/><img decoding=\"async\" src=\"http:\/\/www.pointbreakschool.com\/wp-content\/uploads\/2019\/08\/logo_partner_kite_02.png\" \/><img loading=\"lazy\" decoding=\"async\" class=\"alignnone wp-image-4233\" src=\"https:\/\/www.pointbreakschool.com\/wp-content\/uploads\/naish-300x175.png\" alt=\"\" width=\"222\" height=\"130\" srcset=\"https:\/\/www.pointbreakschool.com\/wp-content\/uploads\/naish-300x175.png 300w, https:\/\/www.pointbreakschool.com\/wp-content\/uploads\/naish-1024x598.png 1024w, https:\/\/www.pointbreakschool.com\/wp-content\/uploads\/naish-768x449.png 768w, https:\/\/www.pointbreakschool.com\/wp-content\/uploads\/naish-250x146.png 250w, https:\/\/www.pointbreakschool.com\/wp-content\/uploads\/naish-50x29.png 50w, https:\/\/www.pointbreakschool.com\/wp-content\/uploads\/naish-576x336.png 576w, https:\/\/www.pointbreakschool.com\/wp-content\/uploads\/naish-128x75.png 128w, https:\/\/www.pointbreakschool.com\/wp-content\/uploads\/naish.png 1188w\" sizes=\"auto, (max-width:767px) 222px, 222px\" \/><\/div>\n<p>[\/vc_column_text][\/vc_column][\/vc_row][vc_row][vc_column][vc_column_text css=\u00a0\u00bb\u00a0\u00bb]<\/p>\n<h2 class=\"nome-corso\" style=\"text-align: center;\"><span style=\"color: #2abac6;\">O\u00d9 NOUS SOMMES<\/span><\/h2>\n<p>[\/vc_column_text][\/vc_column][\/vc_row][vc_row full_width=\u00a0\u00bbstretch_row_content\u00a0\u00bb equal_height=\u00a0\u00bbyes\u00a0\u00bb][vc_column width=\u00a0\u00bb1\/2&Prime;][vc_single_image image=\u00a0\u00bb4344&Prime; img_size=\u00a0\u00bb600&#215;450&Prime; onclick=\u00a0\u00bbcustom_link\u00a0\u00bb img_link_target=\u00a0\u00bb_blank\u00a0\u00bb css=\u00a0\u00bb\u00a0\u00bb link=\u00a0\u00bbhttps:\/\/goo.gl\/maps\/Uc1SibVcmKPi6e4x7&Prime;][\/vc_column][vc_column width=\u00a0\u00bb1\/2&Prime; offset=\u00a0\u00bbvc_hidden-sm vc_hidden-xs\u00a0\u00bb][vc_raw_html css=\u00a0\u00bb\u00a0\u00bb]JTVCcG9pbnRfYnJlYWtfbWFwJTVEJTBEJTBB[\/vc_raw_html][\/vc_column][\/vc_row][vc_row full_width=\u00a0\u00bbstretch_row\u00a0\u00bb el_class=\u00a0\u00bbcorsi-list-intro-call\u00a0\u00bb css=\u00a0\u00bb.vc_custom_1511516323108{margin-top: 70px !important;margin-bottom: 10px !important;border-bottom-width: 1px !important;padding-top: 30px !important;background-color: #ffd521 !important;}\u00a0\u00bb][vc_column][vc_column_text css=\u00a0\u00bb\u00a0\u00bb]<\/p>\n<h2 class=\"uvp\" style=\"text-align: center;\">Besoin de plus d&rsquo;information?<\/h2>\n<p>[\/vc_column_text][vc_column_text css=\u00a0\u00bb.vc_custom_1748262341306{padding-bottom: 30px !important;}\u00a0\u00bb]<\/p>\n<h3 style=\"text-align: center;\">Contacte avec nous \u00e0 tout moment, nous te donnerons tous les conseils dont tu as besoin en temps r\u00e9el, ic\u00ed notre num\u00e9ro Whatsapp<\/h3>\n<p><img decoding=\"async\" style=\"text-align: center;\" src=\"http:\/\/www.pointbreakschool.com\/wp-content\/uploads\/2017\/04\/WhatsApp-icon.png\" alt=\"\" \/><\/p>\n<h4 style=\"text-align: center; font-weight: 900;\"><a id=\"activateWhatsapp\" href=\"https:\/\/wa.me\/34666983757\" target=\"_self\" rel=\"noopener noreferrer\">+34 666 983757<\/a><\/h4>\n<p>[\/vc_column_text][vc_empty_space height=\u00a0\u00bb20px\u00a0\u00bb][vc_separator][\/vc_column][\/vc_row][vc_row full_width=\u00a0\u00bbstretch_row\u00a0\u00bb disable_element=\u00a0\u00bbyes\u00a0\u00bb css=\u00a0\u00bb.vc_custom_1748369061109{margin-top: 70px !important;margin-bottom: 10px !important;border-bottom-width: 1px !important;padding-top: 30px !important;background-color: #2abac6 !important;}\u00a0\u00bb el_class=\u00a0\u00bbmodulonewsletter\u00a0\u00bb][vc_column][vc_column_text]<\/p>\n<h2 class=\"uvp\" style=\"text-align: center; color: #fff !important;\">Vuoi avere una guida su tutti i migliori spot dell&rsquo;isola?<\/h2>\n<p>[\/vc_column_text][vc_column_text css=\u00a0\u00bb.vc_custom_1507213151801{padding-bottom: 30px !important;}\u00a0\u00bb]<\/p>\n<h3 style=\"text-align: center; color: #fff !important;\">Iscriviti alla nostra newsletter e ti manderemo il link alla mappa che tutti i surfers di Fuerteventura non dovrebbero perdersi!<\/h3>\n<div class=\"wpcf7 no-js\" id=\"wpcf7-f1376-o1\" lang=\"it-IT\" dir=\"ltr\" data-wpcf7-id=\"1376\">\n<div class=\"screen-reader-response\"><p role=\"status\" aria-live=\"polite\" aria-atomic=\"true\"><\/p> <ul><\/ul><\/div>\n<form action=\"\/fr\/wp-json\/wp\/v2\/pages\/3535#wpcf7-f1376-o1\" method=\"post\" class=\"wpcf7-form init wpcf7-acceptance-as-validation\" aria-label=\"Modulo di contatto\" novalidate=\"novalidate\" data-status=\"init\">\n<fieldset class=\"hidden-fields-container\"><input type=\"hidden\" name=\"_wpcf7\" value=\"1376\" \/><input type=\"hidden\" name=\"_wpcf7_version\" value=\"6.1.5\" \/><input type=\"hidden\" name=\"_wpcf7_locale\" value=\"it_IT\" \/><input type=\"hidden\" name=\"_wpcf7_unit_tag\" value=\"wpcf7-f1376-o1\" \/><input type=\"hidden\" name=\"_wpcf7_container_post\" value=\"0\" \/><input type=\"hidden\" name=\"_wpcf7_posted_data_hash\" value=\"\" \/><input type=\"hidden\" name=\"_wpcf7_recaptcha_response\" value=\"\" \/>\n<\/fieldset>\n<p class=\"vc_col-sm-6\"><span class=\"wpcf7-form-control-wrap\" data-name=\"your-name\"><input size=\"40\" maxlength=\"400\" class=\"wpcf7-form-control wpcf7-text wpcf7-validates-as-required\" aria-required=\"true\" aria-invalid=\"false\" placeholder=\"Nome\" value=\"\" type=\"text\" name=\"your-name\" \/><\/span>\n<\/p>\n<p class=\"vc_col-sm-6\"><span class=\"wpcf7-form-control-wrap\" data-name=\"your-email\"><input size=\"40\" maxlength=\"400\" class=\"wpcf7-form-control wpcf7-email wpcf7-validates-as-required wpcf7-text wpcf7-validates-as-email\" aria-required=\"true\" aria-invalid=\"false\" placeholder=\"Indirizzo e-mail\" value=\"\" type=\"email\" name=\"your-email\" \/><\/span>\n<\/p>\n<p class=\"vc_col-sm-4 selettore\"><span class=\"wpcf7-form-control-wrap\" data-name=\"Lingua\"><select class=\"wpcf7-form-control wpcf7-select wpcf7-validates-as-required\" aria-required=\"true\" aria-invalid=\"false\" name=\"Lingua\"><option value=\"Scegli la tua lingua\">Scegli la tua lingua<\/option><option value=\"Italiano\">Italiano<\/option><option value=\"English\">English<\/option><option value=\"Espa\u00f1ol\">Espa\u00f1ol<\/option><\/select><\/span>\n<\/p>\n<p class=\"vc_col-sm-4 selettore\"><span class=\"wpcf7-form-control-wrap\" data-name=\"Sport\"><select class=\"wpcf7-form-control wpcf7-select wpcf7-validates-as-required\" aria-required=\"true\" aria-invalid=\"false\" name=\"Sport\"><option value=\"Scegli il tuo sport\">Scegli il tuo sport<\/option><option value=\"Surf\">Surf<\/option><option value=\"Kite\">Kite<\/option><option value=\"Windsurf\">Windsurf<\/option><option value=\"SUP\">SUP<\/option><\/select><\/span>\n<\/p>\n\n<p class=\"vc_col-sm-4\" style=\"text-align: right;\"><input class=\"wpcf7-form-control wpcf7-submit has-spinner\" type=\"submit\" value=\"Iscriviti\" \/>\n<\/p>\n<p class=\"privacy-home\"><span class=\"wpcf7-form-control-wrap\" data-name=\"acceptance-645\"><span class=\"wpcf7-form-control wpcf7-acceptance\"><span class=\"wpcf7-list-item\"><input type=\"checkbox\" name=\"acceptance-645\" value=\"1\" aria-invalid=\"false\" \/><\/span><\/span><\/span> Ho letto e accetto l'informativa sulla <a href=\"\/privacy-policy\" target=\"_blank\" style=\"color:#fff !important;\">privacy<\/a>\n<\/p><div class=\"wpcf7-response-output\" aria-hidden=\"true\"><\/div>\n<\/form>\n<\/div>\n[\/vc_column_text][vc_empty_space height=\u00a0\u00bb20px\u00a0\u00bb][vc_separator][\/vc_column][\/vc_row]<\/p>\n<\/div>","protected":false},"excerpt":{"rendered":"<p>[vc_row full_width=\u00a0\u00bbstretch_row\u00a0\u00bb el_class=\u00a0\u00bbintro-camp\u00a0\u00bb css=\u00a0\u00bb.vc_custom_1652795839724{margin-bottom: 10px !important;border-bottom-width: 1px !important;padding-top: 0px !important;}\u00a0\u00bb][vc_column][vc_column_text css=\u00a0\u00bb\u00a0\u00bb] LOCATION DE KITESURF \u00e0 FUERTEVENTURA [\/vc_column_text][\/vc_column][\/vc_row][vc_row full_width=\u00a0\u00bbstretch_row_content\u00a0\u00bb][vc_column width=\u00a0\u00bb1\/2&Prime;][vc_empty_space height=\u00a0\u00bb15px\u00a0\u00bb el_class=\u00a0\u00bbsolo-desktop\u00a0\u00bb][vc_column_text css=\u00a0\u00bb\u00a0\u00bb] Vous avez besoin d&rsquo;un<span class=\"excerpt-hellip\"> [\u2026]<\/span><\/p>\n","protected":false},"author":5,"featured_media":-1,"parent":3542,"menu_order":0,"comment_status":"closed","ping_status":"closed","template":"","meta":{"footnotes":""},"class_list":["post-3535","page","type-page","status-publish","has-post-thumbnail","hentry"],"yoast_head":"<!-- This site is optimized with the Yoast SEO plugin v27.1 - https:\/\/yoast.com\/product\/yoast-seo-wordpress\/ -->\n<title>Location de kitesurf \u00e0 Fuerteventura | Point Break Corralejo<\/title>\n<meta name=\"description\" content=\"Location de kitesurf \u00e0 Fuerteventura : Freestyle, Wave et Freeride. Mat\u00e9riel Slingshot et Naish toujours \u00e0 jour. Location avec Point Break.\" \/>\n<meta name=\"robots\" content=\"index, follow, max-snippet:-1, max-image-preview:large, max-video-preview:-1\" \/>\n<link rel=\"canonical\" href=\"https:\/\/www.pointbreakschool.com\/fr\/location\/location-kite-surf\/\" \/>\n<meta name=\"twitter:label1\" content=\"Dur\u00e9e de lecture estim\u00e9e\" \/>\n\t<meta name=\"twitter:data1\" content=\"5 minutes\" \/>\n<!-- \/ Yoast SEO plugin. -->","yoast_head_json":{"title":"Location de kitesurf \u00e0 Fuerteventura | Point Break Corralejo","description":"Location de kitesurf \u00e0 Fuerteventura : Freestyle, Wave et Freeride. Mat\u00e9riel Slingshot et Naish toujours \u00e0 jour. Location avec Point Break.","robots":{"index":"index","follow":"follow","max-snippet":"max-snippet:-1","max-image-preview":"max-image-preview:large","max-video-preview":"max-video-preview:-1"},"canonical":"https:\/\/www.pointbreakschool.com\/fr\/location\/location-kite-surf\/","twitter_misc":{"Dur\u00e9e de lecture estim\u00e9e":"5 minutes"},"schema":{"@context":"https:\/\/schema.org","@graph":[{"@type":"WebPage","@id":"https:\/\/www.pointbreakschool.com\/fr\/location\/location-kite-surf\/","url":"https:\/\/www.pointbreakschool.com\/fr\/location\/location-kite-surf\/","name":"Location de kitesurf \u00e0 Fuerteventura | Point Break Corralejo","isPartOf":{"@id":"https:\/\/www.pointbreakschool.com\/#website"},"primaryImageOfPage":{"@id":"https:\/\/www.pointbreakschool.com\/fr\/location\/location-kite-surf\/#primaryimage"},"image":{"@id":"https:\/\/www.pointbreakschool.com\/fr\/location\/location-kite-surf\/#primaryimage"},"thumbnailUrl":"https:\/\/www.pointbreakschool.com\/wp-content\/uploads\/kitesurf_2-scaled.jpg","datePublished":"2025-06-11T10:48:32+00:00","dateModified":"2026-01-21T11:48:25+00:00","description":"Location de kitesurf \u00e0 Fuerteventura : Freestyle, Wave et Freeride. Mat\u00e9riel Slingshot et Naish toujours \u00e0 jour. Location avec Point Break.","breadcrumb":{"@id":"https:\/\/www.pointbreakschool.com\/fr\/location\/location-kite-surf\/#breadcrumb"},"inLanguage":"fr-FR","potentialAction":[{"@type":"ReadAction","target":["https:\/\/www.pointbreakschool.com\/fr\/location\/location-kite-surf\/"]}]},{"@type":"ImageObject","inLanguage":"fr-FR","@id":"https:\/\/www.pointbreakschool.com\/fr\/location\/location-kite-surf\/#primaryimage","url":"https:\/\/www.pointbreakschool.com\/wp-content\/uploads\/kitesurf_2-scaled.jpg","contentUrl":"https:\/\/www.pointbreakschool.com\/wp-content\/uploads\/kitesurf_2-scaled.jpg"},{"@type":"BreadcrumbList","@id":"https:\/\/www.pointbreakschool.com\/fr\/location\/location-kite-surf\/#breadcrumb","itemListElement":[{"@type":"ListItem","position":1,"name":"Home","item":"https:\/\/www.pointbreakschool.com\/fr\/"},{"@type":"ListItem","position":2,"name":"Location","item":"https:\/\/www.pointbreakschool.com\/fr\/location\/"},{"@type":"ListItem","position":3,"name":"Location Kitesurf"}]},{"@type":"WebSite","@id":"https:\/\/www.pointbreakschool.com\/#website","url":"https:\/\/www.pointbreakschool.com\/","name":"","description":"","publisher":{"@id":"https:\/\/www.pointbreakschool.com\/#organization"},"potentialAction":[{"@type":"SearchAction","target":{"@type":"EntryPoint","urlTemplate":"https:\/\/www.pointbreakschool.com\/?s={search_term_string}"},"query-input":{"@type":"PropertyValueSpecification","valueRequired":true,"valueName":"search_term_string"}}],"inLanguage":"fr-FR"},{"@type":"Organization","@id":"https:\/\/www.pointbreakschool.com\/#organization","name":"Point Break Water Sports | Wet & Salty Fuerteventura S.L.","url":"https:\/\/www.pointbreakschool.com\/","logo":{"@type":"ImageObject","inLanguage":"fr-FR","@id":"https:\/\/www.pointbreakschool.com\/#\/schema\/logo\/image\/","url":"https:\/\/www.pointbreakschool.com\/wp-content\/uploads\/2017\/04\/logo_600.png","contentUrl":"https:\/\/www.pointbreakschool.com\/wp-content\/uploads\/2017\/04\/logo_600.png","width":142,"height":142,"caption":"Point Break Water Sports | Wet & Salty Fuerteventura S.L."},"image":{"@id":"https:\/\/www.pointbreakschool.com\/#\/schema\/logo\/image\/"}}]}},"_links":{"self":[{"href":"https:\/\/www.pointbreakschool.com\/fr\/wp-json\/wp\/v2\/pages\/3535","targetHints":{"allow":["GET"]}}],"collection":[{"href":"https:\/\/www.pointbreakschool.com\/fr\/wp-json\/wp\/v2\/pages"}],"about":[{"href":"https:\/\/www.pointbreakschool.com\/fr\/wp-json\/wp\/v2\/types\/page"}],"author":[{"embeddable":true,"href":"https:\/\/www.pointbreakschool.com\/fr\/wp-json\/wp\/v2\/users\/5"}],"replies":[{"embeddable":true,"href":"https:\/\/www.pointbreakschool.com\/fr\/wp-json\/wp\/v2\/comments?post=3535"}],"version-history":[{"count":9,"href":"https:\/\/www.pointbreakschool.com\/fr\/wp-json\/wp\/v2\/pages\/3535\/revisions"}],"predecessor-version":[{"id":9347,"href":"https:\/\/www.pointbreakschool.com\/fr\/wp-json\/wp\/v2\/pages\/3535\/revisions\/9347"}],"up":[{"embeddable":true,"href":"https:\/\/www.pointbreakschool.com\/fr\/wp-json\/wp\/v2\/pages\/3542"}],"wp:featuredmedia":[{"embeddable":true,"href":"https:\/\/www.pointbreakschool.com\/fr\/wp-json\/"}],"wp:attachment":[{"href":"https:\/\/www.pointbreakschool.com\/fr\/wp-json\/wp\/v2\/media?parent=3535"}],"curies":[{"name":"wp","href":"https:\/\/api.w.org\/{rel}","templated":true}]}}