{"id":3521,"date":"2025-05-26T14:12:05","date_gmt":"2025-05-26T12:12:05","guid":{"rendered":"https:\/\/www.pointbreakschool.com\/?page_id=3521"},"modified":"2026-01-21T12:48:54","modified_gmt":"2026-01-21T11:48:54","slug":"location-surf","status":"publish","type":"page","link":"https:\/\/www.pointbreakschool.com\/fr\/location\/location-surf\/","title":{"rendered":"Location Surf"},"content":{"rendered":"<div class=\"wpb-content-wrapper\"><p>[vc_row full_width=\u00a0\u00bbstretch_row\u00a0\u00bb el_class=\u00a0\u00bbintro-camp\u00a0\u00bb css=\u00a0\u00bb.vc_custom_1652795839724{margin-bottom: 10px !important;border-bottom-width: 1px !important;padding-top: 0px !important;}\u00a0\u00bb][vc_column][vc_column_text css=\u00a0\u00bb\u00a0\u00bb]<\/p>\n<h1 style=\"text-align: center; font-size: 35px; line-height: 45px;\"><strong>LOCATION DE PLANCHES DE SURF<\/strong><\/h1>\n<h1 class=\"verde\" style=\"text-align: center; color: #2abac6; font-size: 30px; letter-spacing: 0.5px;\">\u00e0 FUERTEVENTURA<\/h1>\n<p>[\/vc_column_text][\/vc_column][\/vc_row][vc_row full_width=\u00a0\u00bbstretch_row_content\u00a0\u00bb][vc_column width=\u00a0\u00bb1\/2&Prime;][vc_empty_space height=\u00a0\u00bb20px\u00a0\u00bb][vc_column_text css=\u00a0\u00bb\u00a0\u00bb]<\/p>\n<h3 class=\"domanda\" style=\"text-align: center;\"><strong>Les meilleures planches de surf \u00e0 la location \u00e0 Fuerteventura &#8211; <\/strong><strong>uniquement chez Point Break<\/strong><\/h3>\n<p class=\"domanda\" style=\"text-align: justify;\">Vous cherchez une planche de surf \u00e0 la location \u00e0 Fuerteventura ? Chez Point Break, vous trouverez uniquement le meilleur pour surfer en toute autonomie. Nous sommes situ\u00e9s en plein c\u0153ur de Corralejo, \u00e0 deux pas de l\u2019oc\u00e9an, pr\u00eats \u00e0 vous fournir le mat\u00e9riel adapt\u00e9 \u00e0 votre niveau.<\/p>\n<p style=\"text-align: justify;\">Nous proposons une large s\u00e9lection de planches de surf :<\/p>\n<ul>\n<li><strong>Softboard<\/strong> pour d\u00e9butants, id\u00e9ales pour am\u00e9liorer votre take off<\/li>\n<li><strong>Softboard Performance<\/strong>, parfaites pour commencer \u00e0 travailler les directions<\/li>\n<li><strong>Shortboards, Mid-lenght <\/strong>et<strong> Longboards<\/strong> en r\u00e9sine pour surfeurs interm\u00e9diaires et exp\u00e9riment\u00e9s.<\/li>\n<\/ul>\n<p>[\/vc_column_text][\/vc_column][vc_column width=\u00a0\u00bb1\/2&Prime;][vc_column_text css=\u00a0\u00bb\u00a0\u00bb]<img decoding=\"async\" class=\"alignnone size-full wp-image-7562\" src=\"https:\/\/www.pointbreakschool.com\/wp-content\/uploads\/surf-shop-2-scaled.jpeg\" alt=\"location de planches de surf fuerteventura\" \/>[\/vc_column_text][\/vc_column][\/vc_row][vc_row full_width=\u00a0\u00bbstretch_row_content\u00a0\u00bb][vc_column][vc_column_text css=\u00a0\u00bb\u00a0\u00bb]<\/p>\n<h3 style=\"text-align: center;\">Toutes nos planches sont pr\u00eates \u00e0 l\u2019emploi, en excellent \u00e9tat et soigneusement s\u00e9lectionn\u00e9es par notre \u00e9quipe.<\/h3>\n<h3 style=\"text-align: center;\">Louez votre planche de surf \u00e0 Corralejo et profitez de la libert\u00e9 d\u2019explorer les spots de Fuerteventura \u00e0 votre rythme.<\/h3>\n<h3 class=\"domanda\" style=\"text-align: center;\"><em>Vous ne vous sentez pas encore pr\u00eat \u00e0 louer votre propre planche ? Vous ne connaissez pas encore les spots de l\u2019\u00eele ou vous souhaitez progresser davantage ? Inscrivez-vous \u00e0 nos <span style=\"text-decoration: underline;\"><a href=\"https:\/\/www.pointbreakschool.com\/fr\/surf-cours\/#corso-principianti\" target=\"_blank\" rel=\"noopener\">cours de surf<\/a><\/span>!<\/em> avec des moniteurs certifi\u00e9s et vivez l\u2019exp\u00e9rience en toute confiance !<\/h3>\n<p>[\/vc_column_text][vc_column_text css=\u00a0\u00bb\u00a0\u00bb]<\/p>\n<div style=\"text-align: center;\">\n<div class=\"vc_btn3-container bottoneuvp alloggio wpb_animate_when_almost_visible wpb_bottom-to-top bottom-to-top vc_btn3-left wpb_start_animation animated\"><a class=\"vc_general vc_btn3 vc_btn3-size-md vc_btn3-shape-rounded vc_btn3-style-outline vc_btn3-color-grey\" title=\"\" href=\"https:\/\/www.pointbreakschool.com\/fr\/contact\/\">Contactez-Nous<\/a><\/div>\n<div class=\"vc_btn3-container bottoneuvp contattaci wpb_animate_when_almost_visible wpb_bottom-to-top bottom-to-top vc_btn3-left wpb_start_animation animated\"><a class=\"vc_general vc_btn3 vc_btn3-size-md vc_btn3-shape-rounded vc_btn3-style-outline vc_btn3-color-grey\" title=\"\" href=\"https:\/\/wa.me\/34666983757\">Whatsapp<\/a><\/div>\n<\/div>\n<p>[\/vc_column_text][\/vc_column][\/vc_row][vc_row full_width=\u00a0\u00bbstretch_row\u00a0\u00bb css=\u00a0\u00bb.vc_custom_1559640014485{margin-top: 0px !important;margin-bottom: 70px !important;border-bottom-width: 0px !important;padding-top: 30px !important;}\u00a0\u00bb][vc_column][vc_column_text css=\u00a0\u00bb\u00a0\u00bb]<\/p>\n<h2 class=\"nome-corso\" style=\"text-align: center;\"><span style=\"color: #2abac6;\">VOUS NE SAVEZ PAS QUELLE PLANCHE DE SURF LOUER \u00e0 FUERTEVENTURA? nous sommes l\u00e0 pour vous aider avec votre location de planches de surf \u00e0 Fuerteventura!<\/span><\/h2>\n<p>[\/vc_column_text][vc_column_text css=\u00a0\u00bb\u00a0\u00bb]Que vous surfiez vos premi\u00e8res vagues ou que vous soyez d\u00e9j\u00e0 exp\u00e9riment\u00e9, nous vous aidons \u00e0 choisir la planche de surf la plus adapt\u00e9e \u00e0 votre style et aux conditions de l\u2019oc\u00e9an. Dans notre boutique \u00e0 Corralejo, Fuerteventura, vous trouverez la planche id\u00e9ale \u00e0 louer selon votre niveau, votre exp\u00e9rience et votre condition physique.[\/vc_column_text][vc_empty_space height=\u00a0\u00bb40px\u00a0\u00bb][\/vc_column][\/vc_row][vc_row full_width=\u00a0\u00bbstretch_row_content\u00a0\u00bb css=\u00a0\u00bb.vc_custom_1750259706060{background-color: #2ABAC6 !important;}\u00a0\u00bb el_class=\u00a0\u00bbbgblue\u00a0\u00bb][vc_column width=\u00a0\u00bb1\/5&Prime; css=\u00a0\u00bb.vc_custom_1746904395056{background-color: #2ABAC6 !important;}\u00a0\u00bb][vc_column_text css=\u00a0\u00bb\u00a0\u00bb]<img decoding=\"async\" class=\"fotopacchetti\" src=\"\/wp-content\/uploads\/Softboard.jpg\" alt=\"location de planches de surf softboard fuerteventura\" \/>[\/vc_column_text][vc_column_text css=\u00a0\u00bb\u00a0\u00bb]<\/p>\n<h4 style=\"text-align: center;\"><span style=\"color: #ffffff;\"><strong>SOFTBOARD<\/strong><\/span><\/h4>\n<p>[\/vc_column_text][vc_column_text css=\u00a0\u00bb\u00a0\u00bb]<\/p>\n<ul>\n<li><strong>Niveau : D\u00e9butant<\/strong><\/li>\n<li>Planches souples, stables et s\u00e9curisantes, offrant une excellente flottabilit\u00e9. Elles facilitent le d\u00e9part sur la vague et permettent de prendre confiance avec le take off (le moment o\u00f9 l\u2019on se met debout sur la planche). Le choix id\u00e9al pour commencer \u00e0 surfer en autonomie, en toute s\u00e9curit\u00e9, apr\u00e8s avoir suivi un <span style=\"text-decoration: underline;\"><a href=\"https:\/\/www.pointbreakschool.com\/fr\/surf-cours\/#corso-principianti\">cours pour d\u00e9butants<\/a><\/span>.<\/li>\n<li>Disponibles en plusieurs tailles<\/li>\n<\/ul>\n<p>[\/vc_column_text][\/vc_column][vc_column width=\u00a0\u00bb1\/5&Prime; css=\u00a0\u00bb.vc_custom_1746904981471{background-color: #2ABAC6 !important;}\u00a0\u00bb][vc_column_text css=\u00a0\u00bb\u00a0\u00bb]<img decoding=\"async\" class=\"fotopacchetti\" src=\"\/wp-content\/uploads\/softboard_performance.jpg\" alt=\"location de planches de surf performance softboard fuerteventura\" \/>[\/vc_column_text][vc_column_text css=\u00a0\u00bb.vc_custom_1747575584787{margin-bottom: 0px !important;}\u00a0\u00bb]<\/p>\n<h4 style=\"text-align: center;\"><span style=\"color: #ffffff;\"><strong>PERFORMANCE SOFTBOARD<\/strong><\/span><\/h4>\n<p>[\/vc_column_text][vc_column_text css=\u00a0\u00bb\u00a0\u00bb]<\/p>\n<ul>\n<li><strong>Niveau : D\u00e9butant \/ Interm\u00e9diaire<\/strong><\/li>\n<li>Id\u00e9ales pour commencer \u00e0 travailler les directions, perfectionner les premiers virages et prendre confiance dans des vagues plus rapides. Ces planches conservent la stabilit\u00e9 et la s\u00e9curit\u00e9 des softboards classiques, tout en offrant un shape plus r\u00e9actif et maniable.<\/li>\n<li>Disponibles en plusieurs tailles<\/li>\n<\/ul>\n<p>[\/vc_column_text][\/vc_column][vc_column width=\u00a0\u00bb1\/5&Prime; css=\u00a0\u00bb.vc_custom_1746971516991{background-color: #2ABAC6 !important;}\u00a0\u00bb][vc_column_text css=\u00a0\u00bb\u00a0\u00bb]<img decoding=\"async\" class=\"fotopacchetti\" src=\"\/wp-content\/uploads\/midlenght-board.jpg\" alt=\"location de planches de surf midlenght surfboard fuerteventura\" \/>[\/vc_column_text][vc_column_text css=\u00a0\u00bb\u00a0\u00bb]<\/p>\n<h4 style=\"text-align: center;\"><span style=\"color: #ffffff;\"><strong>MID-LENGTH EVOLUTIVE<\/strong><\/span><\/h4>\n<p>[\/vc_column_text][vc_column_text css=\u00a0\u00bb\u00a0\u00bb]<\/p>\n<ul>\n<li><strong>Niveau : Interm\u00e9diaire \/ Avanc\u00e9<\/strong><\/li>\n<li>Un excellent compromis entre volume, stabilit\u00e9 et maniabilit\u00e9. Ces planches sont con\u00e7ues pour les surfeurs qui souhaitent passer des softboards \u00e0 des planches plus techniques, sans encore se sentir pr\u00eats pour une shortboard. Parfaites pour am\u00e9liorer le contr\u00f4le de la planche, travailler la position du corps et progresser en toute confiance.<\/li>\n<li>Disponibles en plusieurs tailles<\/li>\n<\/ul>\n<p>[\/vc_column_text][\/vc_column][vc_column width=\u00a0\u00bb1\/5&Prime; css=\u00a0\u00bb.vc_custom_1746904995139{background-color: #2ABAC6 !important;}\u00a0\u00bb][vc_column_text css=\u00a0\u00bb\u00a0\u00bb]<img decoding=\"async\" class=\"fotopacchetti\" src=\"\/wp-content\/uploads\/Shortboard.jpg\" alt=\"location de planches de surf shortboard fuerteventura\" \/>[\/vc_column_text][vc_column_text css=\u00a0\u00bb\u00a0\u00bb]<\/p>\n<h4 style=\"text-align: center;\"><span style=\"color: #ffffff;\"><strong>SHORTBOARD<\/strong><\/span><\/h4>\n<p>[\/vc_column_text][vc_column_text css=\u00a0\u00bb\u00a0\u00bb]<\/p>\n<ul>\n<li><strong>Niveau : Interm\u00e9diaire \/ Avanc\u00e9<\/strong><\/li>\n<li>Parfaites pour les surfeurs \u00e0 la recherche de vitesse, contr\u00f4le et r\u00e9activit\u00e9.<br \/>\nId\u00e9ales pour affronter des vagues vertes plus raides et puissantes, et pour commencer \u00e0 travailler des man\u0153uvres plus techniques comme le bottom turn, le cutback ou d&rsquo;autres figures avanc\u00e9es.<\/li>\n<li>Disponibles en plusieurs tailles<\/li>\n<\/ul>\n<p>[\/vc_column_text][\/vc_column][vc_column width=\u00a0\u00bb1\/5&Prime; css=\u00a0\u00bb.vc_custom_1746905051558{background-color: #2ABAC6 !important;}\u00a0\u00bb][vc_column_text css=\u00a0\u00bb\u00a0\u00bb]<img decoding=\"async\" class=\"fotopacchetti\" src=\"\/wp-content\/uploads\/longboard.jpg\" alt=\"location de planches de surf longboard fuerteventura\" \/>[\/vc_column_text][vc_column_text css=\u00a0\u00bb\u00a0\u00bb]<\/p>\n<h4 style=\"text-align: center;\"><span style=\"color: #ffffff;\"><strong>LONGBOARD<\/strong><\/span><\/h4>\n<p>[\/vc_column_text][vc_column_text css=\u00a0\u00bb\u00a0\u00bb]<\/p>\n<ul>\n<li><strong>Niveau : Interm\u00e9diaire \/ Avanc\u00e9<\/strong><\/li>\n<li>Le choix id\u00e9al pour ceux qui aiment un style de surf fluide et d\u00e9tendu.<br \/>\nOffrant une excellente stabilit\u00e9, le longboard permet de prendre un grand nombre de vagues, m\u00eame les plus petites et lentes.<br \/>\nParfait pour les surfeurs qui souhaitent am\u00e9liorer leur footwork, apprendre \u00e0 marcher sur la planche et d\u00e9buter le nose riding.<\/li>\n<li>Disponibles en plusieurs tailles<\/li>\n<\/ul>\n<p>[\/vc_column_text][\/vc_column][\/vc_row][vc_row full_width=\u00a0\u00bbstretch_row\u00a0\u00bb css=\u00a0\u00bb.vc_custom_1746898592384{margin-top: 0px !important;margin-bottom: 70px !important;border-bottom-width: 0px !important;padding-top: 30px !important;}\u00a0\u00bb][vc_column][vc_column_text css=\u00a0\u00bb\u00a0\u00bb]<\/p>\n<h2 class=\"nome-corso\" style=\"text-align: center;\"><span style=\"color: #2abac6;\">Tarifs Location Planches de Surf \u00e0 Fuerteventura<\/span><\/h2>\n<p>[\/vc_column_text][vc_column_text css=\u00a0\u00bb\u00a0\u00bb]<\/p>\n<table class=\"tabella-corso\">\n<tbody>\n<tr>\n<th style=\"text-align: center;\"><\/th>\n<th>1 JOUR<\/th>\n<th>2 JOURS<\/th>\n<th>3 JOURS<\/th>\n<th>4 JOURS<\/th>\n<th>5 JOURS<\/th>\n<th>JOUR<br \/>\nEXTRA<\/th>\n<\/tr>\n<tr>\n<td>Softboards<\/td>\n<td style=\"text-align: center;\">11 \u20ac<\/td>\n<td style=\"text-align: center;\">22 \u20ac<\/td>\n<td style=\"text-align: center;\">33 \u20ac<\/td>\n<td style=\"text-align: center;\">40 \u20ac<\/td>\n<td style=\"text-align: center;\">47 \u20ac<\/td>\n<td style=\"text-align: center;\">7 \u20ac<\/td>\n<\/tr>\n<tr>\n<td>Performance<br \/>\nSoftboards<\/td>\n<td style=\"text-align: center;\">15 \u20ac<\/td>\n<td style=\"text-align: center;\">30 \u20ac<\/td>\n<td style=\"text-align: center;\">45 \u20ac<\/td>\n<td style=\"text-align: center;\">55 \u20ac<\/td>\n<td style=\"text-align: center;\">65 \u20ac<\/td>\n<td style=\"text-align: center;\">10 \u20ac<\/td>\n<\/tr>\n<tr>\n<td>Surfboards<\/td>\n<td style=\"text-align: center;\">15 \u20ac<\/td>\n<td style=\"text-align: center;\">30 \u20ac<\/td>\n<td style=\"text-align: center;\">45 \u20ac<\/td>\n<td style=\"text-align: center;\">55 \u20ac<\/td>\n<td style=\"text-align: center;\">65 \u20ac<\/td>\n<td style=\"text-align: center;\">10 \u20ac<\/td>\n<\/tr>\n<tr>\n<td>Longboards<\/td>\n<td style=\"text-align: center;\">25 \u20ac<\/td>\n<td style=\"text-align: center;\">50 \u20ac<\/td>\n<td style=\"text-align: center;\">75 \u20ac<\/td>\n<td style=\"text-align: center;\">95 \u20ac<\/td>\n<td style=\"text-align: center;\">115 \u20ac<\/td>\n<td style=\"text-align: center;\">20 \u20ac<\/td>\n<\/tr>\n<tr>\n<td>Wetsuit<\/td>\n<td style=\"text-align: center;\">5 \u20ac<\/td>\n<td style=\"text-align: center;\">10 \u20ac<\/td>\n<td style=\"text-align: center;\">15 \u20ac<\/td>\n<td style=\"text-align: center;\">18 \u20ac<\/td>\n<td style=\"text-align: center;\">21 \u20ac<\/td>\n<td style=\"text-align: center;\">3 \u20ac<\/td>\n<\/tr>\n<tr>\n<td>Shoes<\/td>\n<td style=\"text-align: center;\">3 \u20ac<\/td>\n<td style=\"text-align: center;\">6 \u20ac<\/td>\n<td style=\"text-align: center;\">9 \u20ac<\/td>\n<td style=\"text-align: center;\">10 \u20ac<\/td>\n<td style=\"text-align: center;\">11 \u20ac<\/td>\n<td style=\"text-align: center;\">1 \u20ac<\/td>\n<\/tr>\n<tr>\n<td>Surf Leash<\/td>\n<td style=\"text-align: center;\">3 \u20ac<\/td>\n<td style=\"text-align: center;\">6 \u20ac<\/td>\n<td style=\"text-align: center;\">9 \u20ac<\/td>\n<td style=\"text-align: center;\">10 \u20ac<\/td>\n<td style=\"text-align: center;\">11 \u20ac<\/td>\n<td style=\"text-align: center;\">1 \u20ac<\/td>\n<\/tr>\n<tr>\n<td>Car Rack<\/td>\n<td style=\"text-align: center;\">3 \u20ac<\/td>\n<td style=\"text-align: center;\">6 \u20ac<\/td>\n<td style=\"text-align: center;\">9 \u20ac<\/td>\n<td style=\"text-align: center;\">10 \u20ac<\/td>\n<td style=\"text-align: center;\">11 \u20ac<\/td>\n<td style=\"text-align: center;\">1 \u20ac<\/td>\n<\/tr>\n<\/tbody>\n<\/table>\n<p>[\/vc_column_text][vc_empty_space height=\u00a0\u00bb40px\u00a0\u00bb][vc_column_text css=\u00a0\u00bb\u00a0\u00bb]<\/p>\n<div style=\"text-align: center;\">\n<div class=\"vc_btn3-container bottoneuvp alloggio wpb_animate_when_almost_visible wpb_bottom-to-top bottom-to-top vc_btn3-left wpb_start_animation animated\"><a class=\"vc_general vc_btn3 vc_btn3-size-md vc_btn3-shape-rounded vc_btn3-style-outline vc_btn3-color-grey\" title=\"\" href=\"https:\/\/www.pointbreakschool.com\/fr\/contact\/\">Contactez-Nous<\/a><\/div>\n<div class=\"vc_btn3-container bottoneuvp contattaci wpb_animate_when_almost_visible wpb_bottom-to-top bottom-to-top vc_btn3-left wpb_start_animation animated\"><a class=\"vc_general vc_btn3 vc_btn3-size-md vc_btn3-shape-rounded vc_btn3-style-outline vc_btn3-color-grey\" title=\"\" href=\"https:\/\/wa.me\/34666983757\">Whatsapp<\/a><\/div>\n<\/div>\n<p>[\/vc_column_text][\/vc_column][\/vc_row][vc_row full_width=\u00a0\u00bbstretch_row\u00a0\u00bb el_class=\u00a0\u00bbcorsi-list-intro box-trip-advisor\u00a0\u00bb css=\u00a0\u00bb.vc_custom_1570186052696{margin-bottom: 10px !important;border-bottom-width: 1px !important;padding-top: 0px !important;}\u00a0\u00bb][vc_column][vc_column_text css=\u00a0\u00bb\u00a0\u00bb]<\/p>\n<h2 class=\"nome-corso\" style=\"text-align: center;\">Les marques de r\u00e9f\u00e9rence pour vos sessions de surf<\/h2>\n<p>[\/vc_column_text][vc_column_text css=\u00a0\u00bb\u00a0\u00bb]<\/p>\n<div style=\"text-align: center;\"><img loading=\"lazy\" decoding=\"async\" class=\"\" src=\"https:\/\/www.pointbreakschool.com\/wp-content\/uploads\/sharpeye-ok.png\" width=\"240\" height=\"151\" \/><img decoding=\"async\" src=\"https:\/\/www.pointbreakschool.com\/wp-content\/uploads\/bradley.png\" \/><img decoding=\"async\" src=\"https:\/\/www.pointbreakschool.com\/wp-content\/uploads\/bell.jpg\" \/><img decoding=\"async\" src=\"http:\/\/www.pointbreakschool.com\/wp-content\/uploads\/logo_partner_surf_03.jpg\" \/><img decoding=\"async\" src=\"http:\/\/www.pointbreakschool.com\/wp-content\/uploads\/logo_partner_surf_05.jpg\" \/><img decoding=\"async\" src=\"http:\/\/www.pointbreakschool.com\/wp-content\/uploads\/logo_partner_surf_06.jpg\" \/><\/div>\n<p>[\/vc_column_text][\/vc_column][\/vc_row][vc_row disable_element=\u00a0\u00bbyes\u00a0\u00bb][vc_column][vc_column_text css=\u00a0\u00bb\u00a0\u00bb]<\/p>\n<h2 class=\"nome-corso\" style=\"text-align: center;\"><span style=\"color: #2abac6;\">Regole del noleggio del materiale e tavole da surf<\/span><\/h2>\n<p>[\/vc_column_text][vc_tta_accordion c_icon=\u00a0\u00bbtriangle\u00a0\u00bb active_section=\u00a0\u00bb1&Prime; collapsible_all=\u00a0\u00bbtrue\u00a0\u00bb][vc_tta_section title=\u00a0\u00bbSezione\u00a0\u00bb tab_id=\u00a0\u00bb1747489667282-cf9634df-523f\u00a0\u00bb][\/vc_tta_section][vc_tta_section title=\u00a0\u00bbNon si prenota in anticipo\u00a0\u00bb tab_id=\u00a0\u00bb1746899526120-3a8abcbc-74ad\u00a0\u00bb][vc_column_text css=\u00a0\u00bb\u00a0\u00bb]Le tavole da surf a disposizione\u00a0 per il noleggio non possono essere prenotate in anticipo.[\/vc_column_text][\/vc_tta_section][vc_tta_section title=\u00a0\u00bbIl materiale va trattato con cura, dentro e fuori dall&rsquo;oceano.\u00a0\u00bb tab_id=\u00a0\u00bb1746899526136-d1dddce2-45b4&Prime;][vc_column_text css=\u00a0\u00bb\u00a0\u00bb]Il cliente \u00e8 considerato al 100% in grado di gestire e trattare correttamente l&rsquo;apparecchiatura sia all&rsquo;esterno che all&rsquo;interno dell&rsquo;oceano (ad es. a casa, durante trasporto in auto, in spiaggia, nell&rsquo;oceano con sabbia e rocce e con altre persone).[\/vc_column_text][\/vc_tta_section][vc_tta_section title=\u00a0\u00bbSezione\u00a0\u00bb tab_id=\u00a0\u00bb1746972082533-88bc272a-88fb\u00a0\u00bb][\/vc_tta_section][\/vc_tta_accordion][\/vc_column][\/vc_row][vc_row][vc_column][vc_column_text css=\u00a0\u00bb\u00a0\u00bb]<\/p>\n<h2 class=\"nome-corso\" style=\"text-align: center;\"><span style=\"color: #2abac6;\">O\u00d9 NOUS SOMMES<\/span><\/h2>\n<p>[\/vc_column_text][\/vc_column][\/vc_row][vc_row full_width=\u00a0\u00bbstretch_row_content\u00a0\u00bb equal_height=\u00a0\u00bbyes\u00a0\u00bb][vc_column width=\u00a0\u00bb1\/2&Prime;][vc_single_image image=\u00a0\u00bb4344&Prime; img_size=\u00a0\u00bb600&#215;450&Prime; onclick=\u00a0\u00bbcustom_link\u00a0\u00bb img_link_target=\u00a0\u00bb_blank\u00a0\u00bb css=\u00a0\u00bb\u00a0\u00bb link=\u00a0\u00bbhttps:\/\/goo.gl\/maps\/Uc1SibVcmKPi6e4x7&Prime;][\/vc_column][vc_column width=\u00a0\u00bb1\/2&Prime; offset=\u00a0\u00bbvc_hidden-sm vc_hidden-xs\u00a0\u00bb][vc_raw_html css=\u00a0\u00bb\u00a0\u00bb]JTVCcG9pbnRfYnJlYWtfbWFwJTVEJTBEJTBB[\/vc_raw_html][\/vc_column][\/vc_row][vc_row full_width=\u00a0\u00bbstretch_row\u00a0\u00bb el_class=\u00a0\u00bbcorsi-list-intro-call\u00a0\u00bb css=\u00a0\u00bb.vc_custom_1511516323108{margin-top: 70px !important;margin-bottom: 10px !important;border-bottom-width: 1px !important;padding-top: 30px !important;background-color: #ffd521 !important;}\u00a0\u00bb][vc_column][vc_column_text css=\u00a0\u00bb\u00a0\u00bb]<\/p>\n<h2 class=\"uvp\" style=\"text-align: center;\">Plus d&rsquo;informations sur la location de planches de surf \u00e0 Fuerteventura ?<\/h2>\n<p>[\/vc_column_text][vc_column_text css=\u00a0\u00bb.vc_custom_1748262341306{padding-bottom: 30px !important;}\u00a0\u00bb]<\/p>\n<h3 style=\"text-align: center;\">Contacte avec nous \u00e0 tout moment, nous te donnerons tous les conseils dont tu as besoin en temps r\u00e9el, ic\u00ed notre num\u00e9ro Whatsapp<\/h3>\n<p><img decoding=\"async\" style=\"text-align: center;\" src=\"http:\/\/www.pointbreakschool.com\/wp-content\/uploads\/2017\/04\/WhatsApp-icon.png\" alt=\"\" \/><\/p>\n<h4 style=\"text-align: center; font-weight: 900;\"><a id=\"activateWhatsapp\" href=\"https:\/\/wa.me\/34666983757\" target=\"_self\" rel=\"noopener noreferrer\">+34 666 983757<\/a><\/h4>\n<p>[\/vc_column_text][vc_empty_space height=\u00a0\u00bb20px\u00a0\u00bb][vc_separator][\/vc_column][\/vc_row]<\/p>\n<\/div>","protected":false},"excerpt":{"rendered":"<p>[vc_row full_width=\u00a0\u00bbstretch_row\u00a0\u00bb el_class=\u00a0\u00bbintro-camp\u00a0\u00bb css=\u00a0\u00bb.vc_custom_1652795839724{margin-bottom: 10px !important;border-bottom-width: 1px !important;padding-top: 0px !important;}\u00a0\u00bb][vc_column][vc_column_text css=\u00a0\u00bb\u00a0\u00bb] LOCATION DE PLANCHES DE SURF \u00e0 FUERTEVENTURA [\/vc_column_text][\/vc_column][\/vc_row][vc_row full_width=\u00a0\u00bbstretch_row_content\u00a0\u00bb][vc_column width=\u00a0\u00bb1\/2&Prime;][vc_empty_space height=\u00a0\u00bb20px\u00a0\u00bb][vc_column_text css=\u00a0\u00bb\u00a0\u00bb] Les meilleures planches<span class=\"excerpt-hellip\"> [\u2026]<\/span><\/p>\n","protected":false},"author":5,"featured_media":-1,"parent":3542,"menu_order":0,"comment_status":"closed","ping_status":"closed","template":"","meta":{"footnotes":""},"class_list":["post-3521","page","type-page","status-publish","has-post-thumbnail","hentry"],"yoast_head":"<!-- This site is optimized with the Yoast SEO plugin v27.1 - https:\/\/yoast.com\/product\/yoast-seo-wordpress\/ -->\n<title>Location Planches de Surf Fuerteventura | Point Break Ecole<\/title>\n<meta name=\"description\" content=\"Location de planches de surf \u00e0 Corralejo, Fuerteventura. Softboards, surfboards et longboards pour tout niveau. R\u00e9servez avec Point Break !\" \/>\n<meta name=\"robots\" content=\"index, follow, max-snippet:-1, max-image-preview:large, max-video-preview:-1\" \/>\n<link rel=\"canonical\" href=\"https:\/\/www.pointbreakschool.com\/fr\/location\/location-surf\/\" \/>\n<meta name=\"twitter:label1\" content=\"Dur\u00e9e de lecture estim\u00e9e\" \/>\n\t<meta name=\"twitter:data1\" content=\"9 minutes\" \/>\n<!-- \/ Yoast SEO plugin. -->","yoast_head_json":{"title":"Location Planches de Surf Fuerteventura | Point Break Ecole","description":"Location de planches de surf \u00e0 Corralejo, Fuerteventura. Softboards, surfboards et longboards pour tout niveau. R\u00e9servez avec Point Break !","robots":{"index":"index","follow":"follow","max-snippet":"max-snippet:-1","max-image-preview":"max-image-preview:large","max-video-preview":"max-video-preview:-1"},"canonical":"https:\/\/www.pointbreakschool.com\/fr\/location\/location-surf\/","twitter_misc":{"Dur\u00e9e de lecture estim\u00e9e":"9 minutes"},"schema":{"@context":"https:\/\/schema.org","@graph":[{"@type":"WebPage","@id":"https:\/\/www.pointbreakschool.com\/fr\/location\/location-surf\/","url":"https:\/\/www.pointbreakschool.com\/fr\/location\/location-surf\/","name":"Location Planches de Surf Fuerteventura | Point Break Ecole","isPartOf":{"@id":"https:\/\/www.pointbreakschool.com\/#website"},"primaryImageOfPage":{"@id":"https:\/\/www.pointbreakschool.com\/fr\/location\/location-surf\/#primaryimage"},"image":{"@id":"https:\/\/www.pointbreakschool.com\/fr\/location\/location-surf\/#primaryimage"},"thumbnailUrl":"https:\/\/www.pointbreakschool.com\/wp-content\/uploads\/surf-shop-2-scaled.jpeg","datePublished":"2025-05-26T12:12:05+00:00","dateModified":"2026-01-21T11:48:54+00:00","description":"Location de planches de surf \u00e0 Corralejo, Fuerteventura. Softboards, surfboards et longboards pour tout niveau. R\u00e9servez avec Point Break !","breadcrumb":{"@id":"https:\/\/www.pointbreakschool.com\/fr\/location\/location-surf\/#breadcrumb"},"inLanguage":"fr-FR","potentialAction":[{"@type":"ReadAction","target":["https:\/\/www.pointbreakschool.com\/fr\/location\/location-surf\/"]}]},{"@type":"ImageObject","inLanguage":"fr-FR","@id":"https:\/\/www.pointbreakschool.com\/fr\/location\/location-surf\/#primaryimage","url":"https:\/\/www.pointbreakschool.com\/wp-content\/uploads\/surf-shop-2-scaled.jpeg","contentUrl":"https:\/\/www.pointbreakschool.com\/wp-content\/uploads\/surf-shop-2-scaled.jpeg"},{"@type":"BreadcrumbList","@id":"https:\/\/www.pointbreakschool.com\/fr\/location\/location-surf\/#breadcrumb","itemListElement":[{"@type":"ListItem","position":1,"name":"Home","item":"https:\/\/www.pointbreakschool.com\/fr\/"},{"@type":"ListItem","position":2,"name":"Location","item":"https:\/\/www.pointbreakschool.com\/fr\/location\/"},{"@type":"ListItem","position":3,"name":"Location Surf"}]},{"@type":"WebSite","@id":"https:\/\/www.pointbreakschool.com\/#website","url":"https:\/\/www.pointbreakschool.com\/","name":"","description":"","publisher":{"@id":"https:\/\/www.pointbreakschool.com\/#organization"},"potentialAction":[{"@type":"SearchAction","target":{"@type":"EntryPoint","urlTemplate":"https:\/\/www.pointbreakschool.com\/?s={search_term_string}"},"query-input":{"@type":"PropertyValueSpecification","valueRequired":true,"valueName":"search_term_string"}}],"inLanguage":"fr-FR"},{"@type":"Organization","@id":"https:\/\/www.pointbreakschool.com\/#organization","name":"Point Break Water Sports | Wet & Salty Fuerteventura S.L.","url":"https:\/\/www.pointbreakschool.com\/","logo":{"@type":"ImageObject","inLanguage":"fr-FR","@id":"https:\/\/www.pointbreakschool.com\/#\/schema\/logo\/image\/","url":"https:\/\/www.pointbreakschool.com\/wp-content\/uploads\/2017\/04\/logo_600.png","contentUrl":"https:\/\/www.pointbreakschool.com\/wp-content\/uploads\/2017\/04\/logo_600.png","width":142,"height":142,"caption":"Point Break Water Sports | Wet & Salty Fuerteventura S.L."},"image":{"@id":"https:\/\/www.pointbreakschool.com\/#\/schema\/logo\/image\/"}}]}},"_links":{"self":[{"href":"https:\/\/www.pointbreakschool.com\/fr\/wp-json\/wp\/v2\/pages\/3521","targetHints":{"allow":["GET"]}}],"collection":[{"href":"https:\/\/www.pointbreakschool.com\/fr\/wp-json\/wp\/v2\/pages"}],"about":[{"href":"https:\/\/www.pointbreakschool.com\/fr\/wp-json\/wp\/v2\/types\/page"}],"author":[{"embeddable":true,"href":"https:\/\/www.pointbreakschool.com\/fr\/wp-json\/wp\/v2\/users\/5"}],"replies":[{"embeddable":true,"href":"https:\/\/www.pointbreakschool.com\/fr\/wp-json\/wp\/v2\/comments?post=3521"}],"version-history":[{"count":13,"href":"https:\/\/www.pointbreakschool.com\/fr\/wp-json\/wp\/v2\/pages\/3521\/revisions"}],"predecessor-version":[{"id":9348,"href":"https:\/\/www.pointbreakschool.com\/fr\/wp-json\/wp\/v2\/pages\/3521\/revisions\/9348"}],"up":[{"embeddable":true,"href":"https:\/\/www.pointbreakschool.com\/fr\/wp-json\/wp\/v2\/pages\/3542"}],"wp:featuredmedia":[{"embeddable":true,"href":"https:\/\/www.pointbreakschool.com\/fr\/wp-json\/"}],"wp:attachment":[{"href":"https:\/\/www.pointbreakschool.com\/fr\/wp-json\/wp\/v2\/media?parent=3521"}],"curies":[{"name":"wp","href":"https:\/\/api.w.org\/{rel}","templated":true}]}}